      
            
            
            
            
            
            
            
            
            
            
            
            
            
            
            
      {"id":982,"date":"2020-09-18T15:24:58","date_gmt":"2020-09-18T15:24:58","guid":{"rendered":"https:\/\/protegetucorazon.com\/?page_id=982"},"modified":"2021-06-10T16:28:30","modified_gmt":"2021-06-10T16:28:30","slug":"como-cuando-y-que-hablar-de-sexualidad","status":"publish","type":"page","link":"https:\/\/protegetucorazon.com\/en\/como-cuando-y-que-hablar-de-sexualidad\/","title":{"rendered":"C\u00f3mo, cu\u00e1ndo y qu\u00e9 hablar de sexualidad"},"content":{"rendered":"<section class=\"l-section wpb_row height_medium\"><div class=\"l-section-h i-cf\"><div class=\"g-cols vc_row type_default valign_top\"><div class=\"vc_col-sm-12 wpb_column vc_column_container\"><div class=\"vc_column-inner\"><div class=\"wpb_wrapper\"><div class=\"wpb_text_column\" ><div class=\"wpb_wrapper\"><h2 style=\"text-align: center;\">Curso en preparaci\u00f3n<\/h2>\n<\/div><\/div><div class=\"w-btn-wrapper width_auto align_center\"><a class=\"w-btn us-btn-style_1\" href=\"https:\/\/protegetucorazon.com\/en\/\"><span class=\"w-btn-label\">VOLVER AL INICIO<\/span><\/a><\/div><\/div><\/div><\/div><\/div><\/div><\/section>","protected":false},"excerpt":{"rendered":"Curso en preparaci\u00f3n VOLVER AL INICIO","protected":false},"author":1,"featured_media":8614,"parent":0,"menu_order":0,"comment_status":"closed","ping_status":"closed","template":"","meta":{"_bbp_topic_count":0,"_bbp_reply_count":0,"_bbp_total_topic_count":0,"_bbp_total_reply_count":0,"_bbp_voice_count":0,"_bbp_anonymous_reply_count":0,"_bbp_topic_count_hidden":0,"_bbp_reply_count_hidden":0,"_bbp_forum_subforum_count":0,"footnotes":""},"yoast_head":"<!-- This site is optimized with the Yoast SEO plugin v23.0 - https:\/\/yoast.com\/wordpress\/plugins\/seo\/ -->\n<title>C\u00f3mo, cu\u00e1ndo y qu\u00e9 hablar de sexualidad - Protege tu corazon<\/title>\n<meta name=\"robots\" content=\"index, follow, max-snippet:-1, max-image-preview:large, max-video-preview:-1\" \/>\n<link rel=\"canonical\" href=\"https:\/\/protegetucorazon.com\/en\/como-cuando-y-que-hablar-de-sexualidad\/\" \/>\n<meta property=\"og:locale\" content=\"en_US\" \/>\n<meta property=\"og:type\" content=\"article\" \/>\n<meta property=\"og:title\" content=\"C\u00f3mo, cu\u00e1ndo y qu\u00e9 hablar de sexualidad - Protege tu corazon\" \/>\n<meta property=\"og:url\" content=\"https:\/\/protegetucorazon.com\/en\/como-cuando-y-que-hablar-de-sexualidad\/\" \/>\n<meta property=\"og:site_name\" content=\"Protege tu corazon\" \/>\n<meta property=\"article:modified_time\" content=\"2021-06-10T16:28:30+00:00\" \/>\n<meta property=\"og:image\" content=\"https:\/\/protegetucorazon.com\/wp-content\/uploads\/2020\/09\/como-que-y-cuando-hablar.jpg\" \/>\n\t<meta property=\"og:image:width\" content=\"1630\" \/>\n\t<meta property=\"og:image:height\" content=\"1080\" \/>\n\t<meta property=\"og:image:type\" content=\"image\/jpeg\" \/>\n<meta name=\"twitter:card\" content=\"summary_large_image\" \/>\n<script type=\"application\/ld+json\" class=\"yoast-schema-graph\">{\"@context\":\"https:\/\/schema.org\",\"@graph\":[{\"@type\":\"WebPage\",\"@id\":\"https:\/\/protegetucorazon.com\/como-cuando-y-que-hablar-de-sexualidad\/\",\"url\":\"https:\/\/protegetucorazon.com\/como-cuando-y-que-hablar-de-sexualidad\/\",\"name\":\"C\u00f3mo, cu\u00e1ndo y qu\u00e9 hablar de sexualidad - Protege tu corazon\",\"isPartOf\":{\"@id\":\"https:\/\/protegetucorazon.com\/#website\"},\"primaryImageOfPage\":{\"@id\":\"https:\/\/protegetucorazon.com\/como-cuando-y-que-hablar-de-sexualidad\/#primaryimage\"},\"image\":{\"@id\":\"https:\/\/protegetucorazon.com\/como-cuando-y-que-hablar-de-sexualidad\/#primaryimage\"},\"thumbnailUrl\":\"https:\/\/protegetucorazon.com\/wp-content\/uploads\/2020\/09\/como-que-y-cuando-hablar.jpg\",\"datePublished\":\"2020-09-18T15:24:58+00:00\",\"dateModified\":\"2021-06-10T16:28:30+00:00\",\"breadcrumb\":{\"@id\":\"https:\/\/protegetucorazon.com\/como-cuando-y-que-hablar-de-sexualidad\/#breadcrumb\"},\"inLanguage\":\"en-US\",\"potentialAction\":[{\"@type\":\"ReadAction\",\"target\":[\"https:\/\/protegetucorazon.com\/como-cuando-y-que-hablar-de-sexualidad\/\"]}]},{\"@type\":\"ImageObject\",\"inLanguage\":\"en-US\",\"@id\":\"https:\/\/protegetucorazon.com\/como-cuando-y-que-hablar-de-sexualidad\/#primaryimage\",\"url\":\"https:\/\/protegetucorazon.com\/wp-content\/uploads\/2020\/09\/como-que-y-cuando-hablar.jpg\",\"contentUrl\":\"https:\/\/protegetucorazon.com\/wp-content\/uploads\/2020\/09\/como-que-y-cuando-hablar.jpg\",\"width\":1630,\"height\":1080},{\"@type\":\"BreadcrumbList\",\"@id\":\"https:\/\/protegetucorazon.com\/como-cuando-y-que-hablar-de-sexualidad\/#breadcrumb\",\"itemListElement\":[{\"@type\":\"ListItem\",\"position\":1,\"name\":\"Portada\",\"item\":\"https:\/\/protegetucorazon.com\/\"},{\"@type\":\"ListItem\",\"position\":2,\"name\":\"C\u00f3mo, cu\u00e1ndo y qu\u00e9 hablar de sexualidad\"}]},{\"@type\":\"WebSite\",\"@id\":\"https:\/\/protegetucorazon.com\/#website\",\"url\":\"https:\/\/protegetucorazon.com\/\",\"name\":\"Protege tu corazon\",\"description\":\"Programa de educaci\u00f3n de la sexualidad basado en la formaci\u00f3n del car\u00e1cter\",\"publisher\":{\"@id\":\"https:\/\/protegetucorazon.com\/#organization\"},\"potentialAction\":[{\"@type\":\"SearchAction\",\"target\":{\"@type\":\"EntryPoint\",\"urlTemplate\":\"https:\/\/protegetucorazon.com\/?s={search_term_string}\"},\"query-input\":\"required name=search_term_string\"}],\"inLanguage\":\"en-US\"},{\"@type\":\"Organization\",\"@id\":\"https:\/\/protegetucorazon.com\/#organization\",\"name\":\"Protege tu corazon\",\"url\":\"https:\/\/protegetucorazon.com\/\",\"logo\":{\"@type\":\"ImageObject\",\"inLanguage\":\"en-US\",\"@id\":\"https:\/\/protegetucorazon.com\/#\/schema\/logo\/image\/\",\"url\":\"https:\/\/protegetucorazon.com\/wp-content\/uploads\/2020\/06\/protege-tu-corazon-color.png\",\"contentUrl\":\"https:\/\/protegetucorazon.com\/wp-content\/uploads\/2020\/06\/protege-tu-corazon-color.png\",\"width\":256,\"height\":90,\"caption\":\"Protege tu corazon\"},\"image\":{\"@id\":\"https:\/\/protegetucorazon.com\/#\/schema\/logo\/image\/\"}}]}<\/script>\n<!-- \/ Yoast SEO plugin. -->","yoast_head_json":{"title":"C\u00f3mo, cu\u00e1ndo y qu\u00e9 hablar de sexualidad - Protege tu corazon","robots":{"index":"index","follow":"follow","max-snippet":"max-snippet:-1","max-image-preview":"max-image-preview:large","max-video-preview":"max-video-preview:-1"},"canonical":"https:\/\/protegetucorazon.com\/en\/como-cuando-y-que-hablar-de-sexualidad\/","og_locale":"en_US","og_type":"article","og_title":"C\u00f3mo, cu\u00e1ndo y qu\u00e9 hablar de sexualidad - Protege tu corazon","og_url":"https:\/\/protegetucorazon.com\/en\/como-cuando-y-que-hablar-de-sexualidad\/","og_site_name":"Protege tu corazon","article_modified_time":"2021-06-10T16:28:30+00:00","og_image":[{"width":1630,"height":1080,"url":"https:\/\/protegetucorazon.com\/wp-content\/uploads\/2020\/09\/como-que-y-cuando-hablar.jpg","type":"image\/jpeg"}],"twitter_card":"summary_large_image","schema":{"@context":"https:\/\/schema.org","@graph":[{"@type":"WebPage","@id":"https:\/\/protegetucorazon.com\/como-cuando-y-que-hablar-de-sexualidad\/","url":"https:\/\/protegetucorazon.com\/como-cuando-y-que-hablar-de-sexualidad\/","name":"C\u00f3mo, cu\u00e1ndo y qu\u00e9 hablar de sexualidad - Protege tu corazon","isPartOf":{"@id":"https:\/\/protegetucorazon.com\/#website"},"primaryImageOfPage":{"@id":"https:\/\/protegetucorazon.com\/como-cuando-y-que-hablar-de-sexualidad\/#primaryimage"},"image":{"@id":"https:\/\/protegetucorazon.com\/como-cuando-y-que-hablar-de-sexualidad\/#primaryimage"},"thumbnailUrl":"https:\/\/protegetucorazon.com\/wp-content\/uploads\/2020\/09\/como-que-y-cuando-hablar.jpg","datePublished":"2020-09-18T15:24:58+00:00","dateModified":"2021-06-10T16:28:30+00:00","breadcrumb":{"@id":"https:\/\/protegetucorazon.com\/como-cuando-y-que-hablar-de-sexualidad\/#breadcrumb"},"inLanguage":"en-US","potentialAction":[{"@type":"ReadAction","target":["https:\/\/protegetucorazon.com\/como-cuando-y-que-hablar-de-sexualidad\/"]}]},{"@type":"ImageObject","inLanguage":"en-US","@id":"https:\/\/protegetucorazon.com\/como-cuando-y-que-hablar-de-sexualidad\/#primaryimage","url":"https:\/\/protegetucorazon.com\/wp-content\/uploads\/2020\/09\/como-que-y-cuando-hablar.jpg","contentUrl":"https:\/\/protegetucorazon.com\/wp-content\/uploads\/2020\/09\/como-que-y-cuando-hablar.jpg","width":1630,"height":1080},{"@type":"BreadcrumbList","@id":"https:\/\/protegetucorazon.com\/como-cuando-y-que-hablar-de-sexualidad\/#breadcrumb","itemListElement":[{"@type":"ListItem","position":1,"name":"Portada","item":"https:\/\/protegetucorazon.com\/"},{"@type":"ListItem","position":2,"name":"C\u00f3mo, cu\u00e1ndo y qu\u00e9 hablar de sexualidad"}]},{"@type":"WebSite","@id":"https:\/\/protegetucorazon.com\/#website","url":"https:\/\/protegetucorazon.com\/","name":"Protege tu corazon","description":"Programa de educaci\u00f3n de la sexualidad basado en la formaci\u00f3n del car\u00e1cter","publisher":{"@id":"https:\/\/protegetucorazon.com\/#organization"},"potentialAction":[{"@type":"SearchAction","target":{"@type":"EntryPoint","urlTemplate":"https:\/\/protegetucorazon.com\/?s={search_term_string}"},"query-input":"required name=search_term_string"}],"inLanguage":"en-US"},{"@type":"Organization","@id":"https:\/\/protegetucorazon.com\/#organization","name":"Protege tu corazon","url":"https:\/\/protegetucorazon.com\/","logo":{"@type":"ImageObject","inLanguage":"en-US","@id":"https:\/\/protegetucorazon.com\/#\/schema\/logo\/image\/","url":"https:\/\/protegetucorazon.com\/wp-content\/uploads\/2020\/06\/protege-tu-corazon-color.png","contentUrl":"https:\/\/protegetucorazon.com\/wp-content\/uploads\/2020\/06\/protege-tu-corazon-color.png","width":256,"height":90,"caption":"Protege tu corazon"},"image":{"@id":"https:\/\/protegetucorazon.com\/#\/schema\/logo\/image\/"}}]}},"_links":{"self":[{"href":"https:\/\/protegetucorazon.com\/en\/wp-json\/wp\/v2\/pages\/982"}],"collection":[{"href":"https:\/\/protegetucorazon.com\/en\/wp-json\/wp\/v2\/pages"}],"about":[{"href":"https:\/\/protegetucorazon.com\/en\/wp-json\/wp\/v2\/types\/page"}],"author":[{"embeddable":true,"href":"https:\/\/protegetucorazon.com\/en\/wp-json\/wp\/v2\/users\/1"}],"replies":[{"embeddable":true,"href":"https:\/\/protegetucorazon.com\/en\/wp-json\/wp\/v2\/comments?post=982"}],"version-history":[{"count":3,"href":"https:\/\/protegetucorazon.com\/en\/wp-json\/wp\/v2\/pages\/982\/revisions"}],"predecessor-version":[{"id":10892,"href":"https:\/\/protegetucorazon.com\/en\/wp-json\/wp\/v2\/pages\/982\/revisions\/10892"}],"wp:featuredmedia":[{"embeddable":true,"href":"https:\/\/protegetucorazon.com\/en\/wp-json\/wp\/v2\/media\/8614"}],"wp:attachment":[{"href":"https:\/\/protegetucorazon.com\/en\/wp-json\/wp\/v2\/media?parent=982"}],"curies":[{"name":"wp","href":"https:\/\/api.w.org\/{rel}","templated":true}]}}