      
            
            
            
            
            
            
            
            
            
            
            
            
            
            
            
      {"id":10767,"date":"2021-05-25T19:17:46","date_gmt":"2021-05-25T19:17:46","guid":{"rendered":"https:\/\/protegetucorazon.com\/?post_type=product&#038;p=10767"},"modified":"2023-08-03T14:49:04","modified_gmt":"2023-08-03T14:49:04","slug":"sorpresa-grandes-cambios-en-tu-vida-2","status":"publish","type":"product","link":"https:\/\/protegetucorazon.com\/en\/product\/sorpresa-grandes-cambios-en-tu-vida-2\/","title":{"rendered":"Surprise! Big changes in your life"},"content":{"rendered":"<section class=\"l-section wpb_row height_medium\"><div class=\"l-section-h i-cf\"><div class=\"g-cols vc_row type_default valign_top\"><div class=\"vc_col-sm-12 wpb_column vc_column_container\"><div class=\"vc_column-inner\"><div class=\"wpb_wrapper\"><div class=\"wpb_text_column\" ><div class=\"wpb_wrapper\"><p><strong><em>Un libro sobre la pubertad y los retos de crecer<\/em><\/strong><\/p>\n<p>Ana Margarita Moreno de G.<br \/>\nJuan Francisco V\u00e9lez S.<br \/>\nMaria Luisa Estrada de V.<\/p>\n<\/div><\/div><\/div><\/div><\/div><\/div><\/div><\/section>","protected":false},"excerpt":{"rendered":"Un libro sobre la pubertad y los retos de crecer Ana Margarita Moreno de G. Juan Francisco V\u00e9lez S. Maria Luisa Estrada de V.","protected":false},"featured_media":87,"template":"","meta":{"_bbp_topic_count":0,"_bbp_reply_count":0,"_bbp_total_topic_count":0,"_bbp_total_reply_count":0,"_bbp_voice_count":0,"_bbp_anonymous_reply_count":0,"_bbp_topic_count_hidden":0,"_bbp_reply_count_hidden":0,"_bbp_forum_subforum_count":0},"product_cat":[52],"product_tag":[],"yoast_head":"<!-- This site is optimized with the Yoast SEO plugin v23.0 - https:\/\/yoast.com\/wordpress\/plugins\/seo\/ -->\n<title>\u00a1Sorpresa! Grandes cambios en tu vida - Protege tu corazon<\/title>\n<meta name=\"robots\" content=\"index, follow, max-snippet:-1, max-image-preview:large, max-video-preview:-1\" \/>\n<link rel=\"canonical\" href=\"https:\/\/protegetucorazon.com\/en\/product\/sorpresa-grandes-cambios-en-tu-vida-2\/\" \/>\n<meta property=\"og:locale\" content=\"en_US\" \/>\n<meta property=\"og:type\" content=\"article\" \/>\n<meta property=\"og:title\" content=\"\u00a1Sorpresa! Grandes cambios en tu vida - Protege tu corazon\" \/>\n<meta property=\"og:url\" content=\"https:\/\/protegetucorazon.com\/en\/product\/sorpresa-grandes-cambios-en-tu-vida-2\/\" \/>\n<meta property=\"og:site_name\" content=\"Protege tu corazon\" \/>\n<meta property=\"article:modified_time\" content=\"2023-08-03T14:49:04+00:00\" \/>\n<meta property=\"og:image\" content=\"https:\/\/protegetucorazon.com\/wp-content\/uploads\/2020\/06\/grandes-cambios-en-tu-vida.png\" \/>\n\t<meta property=\"og:image:width\" content=\"286\" \/>\n\t<meta property=\"og:image:height\" content=\"383\" \/>\n\t<meta property=\"og:image:type\" content=\"image\/png\" \/>\n<meta name=\"twitter:card\" content=\"summary_large_image\" \/>\n<script type=\"application\/ld+json\" class=\"yoast-schema-graph\">{\"@context\":\"https:\/\/schema.org\",\"@graph\":[{\"@type\":\"WebPage\",\"@id\":\"https:\/\/protegetucorazon.com\/producto\/sorpresa-grandes-cambios-en-tu-vida-2\/\",\"url\":\"https:\/\/protegetucorazon.com\/producto\/sorpresa-grandes-cambios-en-tu-vida-2\/\",\"name\":\"\u00a1Sorpresa! Grandes cambios en tu vida - Protege tu corazon\",\"isPartOf\":{\"@id\":\"https:\/\/protegetucorazon.com\/#website\"},\"primaryImageOfPage\":{\"@id\":\"https:\/\/protegetucorazon.com\/producto\/sorpresa-grandes-cambios-en-tu-vida-2\/#primaryimage\"},\"image\":{\"@id\":\"https:\/\/protegetucorazon.com\/producto\/sorpresa-grandes-cambios-en-tu-vida-2\/#primaryimage\"},\"thumbnailUrl\":\"https:\/\/protegetucorazon.com\/wp-content\/uploads\/2020\/06\/grandes-cambios-en-tu-vida.png\",\"datePublished\":\"2021-05-25T19:17:46+00:00\",\"dateModified\":\"2023-08-03T14:49:04+00:00\",\"breadcrumb\":{\"@id\":\"https:\/\/protegetucorazon.com\/producto\/sorpresa-grandes-cambios-en-tu-vida-2\/#breadcrumb\"},\"inLanguage\":\"en-US\",\"potentialAction\":[{\"@type\":\"ReadAction\",\"target\":[\"https:\/\/protegetucorazon.com\/producto\/sorpresa-grandes-cambios-en-tu-vida-2\/\"]}]},{\"@type\":\"ImageObject\",\"inLanguage\":\"en-US\",\"@id\":\"https:\/\/protegetucorazon.com\/producto\/sorpresa-grandes-cambios-en-tu-vida-2\/#primaryimage\",\"url\":\"https:\/\/protegetucorazon.com\/wp-content\/uploads\/2020\/06\/grandes-cambios-en-tu-vida.png\",\"contentUrl\":\"https:\/\/protegetucorazon.com\/wp-content\/uploads\/2020\/06\/grandes-cambios-en-tu-vida.png\",\"width\":286,\"height\":383},{\"@type\":\"BreadcrumbList\",\"@id\":\"https:\/\/protegetucorazon.com\/producto\/sorpresa-grandes-cambios-en-tu-vida-2\/#breadcrumb\",\"itemListElement\":[{\"@type\":\"ListItem\",\"position\":1,\"name\":\"Portada\",\"item\":\"https:\/\/protegetucorazon.com\/\"},{\"@type\":\"ListItem\",\"position\":2,\"name\":\"Tienda\",\"item\":\"https:\/\/protegetucorazon.com\/tienda\/\"},{\"@type\":\"ListItem\",\"position\":3,\"name\":\"\u00a1Sorpresa! Grandes cambios en tu vida\"}]},{\"@type\":\"WebSite\",\"@id\":\"https:\/\/protegetucorazon.com\/#website\",\"url\":\"https:\/\/protegetucorazon.com\/\",\"name\":\"Protege tu corazon\",\"description\":\"Programa de educaci\u00f3n de la sexualidad basado en la formaci\u00f3n del car\u00e1cter\",\"publisher\":{\"@id\":\"https:\/\/protegetucorazon.com\/#organization\"},\"potentialAction\":[{\"@type\":\"SearchAction\",\"target\":{\"@type\":\"EntryPoint\",\"urlTemplate\":\"https:\/\/protegetucorazon.com\/?s={search_term_string}\"},\"query-input\":\"required name=search_term_string\"}],\"inLanguage\":\"en-US\"},{\"@type\":\"Organization\",\"@id\":\"https:\/\/protegetucorazon.com\/#organization\",\"name\":\"Protege tu corazon\",\"url\":\"https:\/\/protegetucorazon.com\/\",\"logo\":{\"@type\":\"ImageObject\",\"inLanguage\":\"en-US\",\"@id\":\"https:\/\/protegetucorazon.com\/#\/schema\/logo\/image\/\",\"url\":\"https:\/\/protegetucorazon.com\/wp-content\/uploads\/2020\/06\/protege-tu-corazon-color.png\",\"contentUrl\":\"https:\/\/protegetucorazon.com\/wp-content\/uploads\/2020\/06\/protege-tu-corazon-color.png\",\"width\":256,\"height\":90,\"caption\":\"Protege tu corazon\"},\"image\":{\"@id\":\"https:\/\/protegetucorazon.com\/#\/schema\/logo\/image\/\"}}]}<\/script>\n<!-- \/ Yoast SEO plugin. -->","yoast_head_json":{"title":"\u00a1Sorpresa! Grandes cambios en tu vida - Protege tu corazon","robots":{"index":"index","follow":"follow","max-snippet":"max-snippet:-1","max-image-preview":"max-image-preview:large","max-video-preview":"max-video-preview:-1"},"canonical":"https:\/\/protegetucorazon.com\/en\/product\/sorpresa-grandes-cambios-en-tu-vida-2\/","og_locale":"en_US","og_type":"article","og_title":"\u00a1Sorpresa! Grandes cambios en tu vida - Protege tu corazon","og_url":"https:\/\/protegetucorazon.com\/en\/product\/sorpresa-grandes-cambios-en-tu-vida-2\/","og_site_name":"Protege tu corazon","article_modified_time":"2023-08-03T14:49:04+00:00","og_image":[{"width":286,"height":383,"url":"https:\/\/protegetucorazon.com\/wp-content\/uploads\/2020\/06\/grandes-cambios-en-tu-vida.png","type":"image\/png"}],"twitter_card":"summary_large_image","schema":{"@context":"https:\/\/schema.org","@graph":[{"@type":"WebPage","@id":"https:\/\/protegetucorazon.com\/producto\/sorpresa-grandes-cambios-en-tu-vida-2\/","url":"https:\/\/protegetucorazon.com\/producto\/sorpresa-grandes-cambios-en-tu-vida-2\/","name":"\u00a1Sorpresa! Grandes cambios en tu vida - Protege tu corazon","isPartOf":{"@id":"https:\/\/protegetucorazon.com\/#website"},"primaryImageOfPage":{"@id":"https:\/\/protegetucorazon.com\/producto\/sorpresa-grandes-cambios-en-tu-vida-2\/#primaryimage"},"image":{"@id":"https:\/\/protegetucorazon.com\/producto\/sorpresa-grandes-cambios-en-tu-vida-2\/#primaryimage"},"thumbnailUrl":"https:\/\/protegetucorazon.com\/wp-content\/uploads\/2020\/06\/grandes-cambios-en-tu-vida.png","datePublished":"2021-05-25T19:17:46+00:00","dateModified":"2023-08-03T14:49:04+00:00","breadcrumb":{"@id":"https:\/\/protegetucorazon.com\/producto\/sorpresa-grandes-cambios-en-tu-vida-2\/#breadcrumb"},"inLanguage":"en-US","potentialAction":[{"@type":"ReadAction","target":["https:\/\/protegetucorazon.com\/producto\/sorpresa-grandes-cambios-en-tu-vida-2\/"]}]},{"@type":"ImageObject","inLanguage":"en-US","@id":"https:\/\/protegetucorazon.com\/producto\/sorpresa-grandes-cambios-en-tu-vida-2\/#primaryimage","url":"https:\/\/protegetucorazon.com\/wp-content\/uploads\/2020\/06\/grandes-cambios-en-tu-vida.png","contentUrl":"https:\/\/protegetucorazon.com\/wp-content\/uploads\/2020\/06\/grandes-cambios-en-tu-vida.png","width":286,"height":383},{"@type":"BreadcrumbList","@id":"https:\/\/protegetucorazon.com\/producto\/sorpresa-grandes-cambios-en-tu-vida-2\/#breadcrumb","itemListElement":[{"@type":"ListItem","position":1,"name":"Portada","item":"https:\/\/protegetucorazon.com\/"},{"@type":"ListItem","position":2,"name":"Tienda","item":"https:\/\/protegetucorazon.com\/tienda\/"},{"@type":"ListItem","position":3,"name":"\u00a1Sorpresa! Grandes cambios en tu vida"}]},{"@type":"WebSite","@id":"https:\/\/protegetucorazon.com\/#website","url":"https:\/\/protegetucorazon.com\/","name":"Protege tu corazon","description":"Programa de educaci\u00f3n de la sexualidad basado en la formaci\u00f3n del car\u00e1cter","publisher":{"@id":"https:\/\/protegetucorazon.com\/#organization"},"potentialAction":[{"@type":"SearchAction","target":{"@type":"EntryPoint","urlTemplate":"https:\/\/protegetucorazon.com\/?s={search_term_string}"},"query-input":"required name=search_term_string"}],"inLanguage":"en-US"},{"@type":"Organization","@id":"https:\/\/protegetucorazon.com\/#organization","name":"Protege tu corazon","url":"https:\/\/protegetucorazon.com\/","logo":{"@type":"ImageObject","inLanguage":"en-US","@id":"https:\/\/protegetucorazon.com\/#\/schema\/logo\/image\/","url":"https:\/\/protegetucorazon.com\/wp-content\/uploads\/2020\/06\/protege-tu-corazon-color.png","contentUrl":"https:\/\/protegetucorazon.com\/wp-content\/uploads\/2020\/06\/protege-tu-corazon-color.png","width":256,"height":90,"caption":"Protege tu corazon"},"image":{"@id":"https:\/\/protegetucorazon.com\/#\/schema\/logo\/image\/"}}]}},"_links":{"self":[{"href":"https:\/\/protegetucorazon.com\/en\/wp-json\/wp\/v2\/product\/10767"}],"collection":[{"href":"https:\/\/protegetucorazon.com\/en\/wp-json\/wp\/v2\/product"}],"about":[{"href":"https:\/\/protegetucorazon.com\/en\/wp-json\/wp\/v2\/types\/product"}],"wp:featuredmedia":[{"embeddable":true,"href":"https:\/\/protegetucorazon.com\/en\/wp-json\/wp\/v2\/media\/87"}],"wp:attachment":[{"href":"https:\/\/protegetucorazon.com\/en\/wp-json\/wp\/v2\/media?parent=10767"}],"wp:term":[{"taxonomy":"product_cat","embeddable":true,"href":"https:\/\/protegetucorazon.com\/en\/wp-json\/wp\/v2\/product_cat?post=10767"},{"taxonomy":"product_tag","embeddable":true,"href":"https:\/\/protegetucorazon.com\/en\/wp-json\/wp\/v2\/product_tag?post=10767"}],"curies":[{"name":"wp","href":"https:\/\/api.w.org\/{rel}","templated":true}]}}