      
            
            
            
            
            
            
            
            
            
            
            
            
            
            
            
      {"id":9404,"date":"2021-02-03T17:11:34","date_gmt":"2021-02-03T17:11:34","guid":{"rendered":"https:\/\/protegetucorazon.com\/?post_type=product&#038;p=9404"},"modified":"2023-03-23T16:49:06","modified_gmt":"2023-03-23T16:49:06","slug":"identidad-personal","status":"publish","type":"product","link":"https:\/\/protegetucorazon.com\/en\/product\/identidad-personal\/","title":{"rendered":"Identidad personal"},"content":{"rendered":"","protected":false},"excerpt":{"rendered":"","protected":false},"featured_media":8835,"template":"","meta":{"_bbp_topic_count":0,"_bbp_reply_count":0,"_bbp_total_topic_count":0,"_bbp_total_reply_count":0,"_bbp_voice_count":0,"_bbp_anonymous_reply_count":0,"_bbp_topic_count_hidden":0,"_bbp_reply_count_hidden":0,"_bbp_forum_subforum_count":0},"product_cat":[719],"product_tag":[],"yoast_head":"<!-- This site is optimized with the Yoast SEO plugin v23.0 - https:\/\/yoast.com\/wordpress\/plugins\/seo\/ -->\n<title>Identidad personal - Protege tu corazon<\/title>\n<meta name=\"robots\" content=\"index, follow, max-snippet:-1, max-image-preview:large, max-video-preview:-1\" \/>\n<link rel=\"canonical\" href=\"https:\/\/protegetucorazon.com\/en\/product\/identidad-personal\/\" \/>\n<meta property=\"og:locale\" content=\"en_US\" \/>\n<meta property=\"og:type\" content=\"article\" \/>\n<meta property=\"og:title\" content=\"Identidad personal - Protege tu corazon\" \/>\n<meta property=\"og:url\" content=\"https:\/\/protegetucorazon.com\/en\/product\/identidad-personal\/\" \/>\n<meta property=\"og:site_name\" content=\"Protege tu corazon\" \/>\n<meta property=\"article:modified_time\" content=\"2023-03-23T16:49:06+00:00\" \/>\n<meta property=\"og:image\" content=\"https:\/\/protegetucorazon.com\/wp-content\/uploads\/2020\/12\/identidad-personal.jpg\" \/>\n\t<meta property=\"og:image:width\" content=\"300\" \/>\n\t<meta property=\"og:image:height\" content=\"300\" \/>\n\t<meta property=\"og:image:type\" content=\"image\/jpeg\" \/>\n<meta name=\"twitter:card\" content=\"summary_large_image\" \/>\n<script type=\"application\/ld+json\" class=\"yoast-schema-graph\">{\"@context\":\"https:\/\/schema.org\",\"@graph\":[{\"@type\":\"WebPage\",\"@id\":\"https:\/\/protegetucorazon.com\/producto\/identidad-personal\/\",\"url\":\"https:\/\/protegetucorazon.com\/producto\/identidad-personal\/\",\"name\":\"Identidad personal - Protege tu corazon\",\"isPartOf\":{\"@id\":\"https:\/\/protegetucorazon.com\/#website\"},\"primaryImageOfPage\":{\"@id\":\"https:\/\/protegetucorazon.com\/producto\/identidad-personal\/#primaryimage\"},\"image\":{\"@id\":\"https:\/\/protegetucorazon.com\/producto\/identidad-personal\/#primaryimage\"},\"thumbnailUrl\":\"https:\/\/protegetucorazon.com\/wp-content\/uploads\/2020\/12\/identidad-personal.jpg\",\"datePublished\":\"2021-02-03T17:11:34+00:00\",\"dateModified\":\"2023-03-23T16:49:06+00:00\",\"breadcrumb\":{\"@id\":\"https:\/\/protegetucorazon.com\/producto\/identidad-personal\/#breadcrumb\"},\"inLanguage\":\"en-US\",\"potentialAction\":[{\"@type\":\"ReadAction\",\"target\":[\"https:\/\/protegetucorazon.com\/producto\/identidad-personal\/\"]}]},{\"@type\":\"ImageObject\",\"inLanguage\":\"en-US\",\"@id\":\"https:\/\/protegetucorazon.com\/producto\/identidad-personal\/#primaryimage\",\"url\":\"https:\/\/protegetucorazon.com\/wp-content\/uploads\/2020\/12\/identidad-personal.jpg\",\"contentUrl\":\"https:\/\/protegetucorazon.com\/wp-content\/uploads\/2020\/12\/identidad-personal.jpg\",\"width\":300,\"height\":300,\"caption\":\"Identidad Personal\"},{\"@type\":\"BreadcrumbList\",\"@id\":\"https:\/\/protegetucorazon.com\/producto\/identidad-personal\/#breadcrumb\",\"itemListElement\":[{\"@type\":\"ListItem\",\"position\":1,\"name\":\"Portada\",\"item\":\"https:\/\/protegetucorazon.com\/\"},{\"@type\":\"ListItem\",\"position\":2,\"name\":\"Tienda\",\"item\":\"https:\/\/protegetucorazon.com\/tienda\/\"},{\"@type\":\"ListItem\",\"position\":3,\"name\":\"Identidad personal\"}]},{\"@type\":\"WebSite\",\"@id\":\"https:\/\/protegetucorazon.com\/#website\",\"url\":\"https:\/\/protegetucorazon.com\/\",\"name\":\"Protege tu corazon\",\"description\":\"Programa de educaci\u00f3n de la sexualidad basado en la formaci\u00f3n del car\u00e1cter\",\"publisher\":{\"@id\":\"https:\/\/protegetucorazon.com\/#organization\"},\"potentialAction\":[{\"@type\":\"SearchAction\",\"target\":{\"@type\":\"EntryPoint\",\"urlTemplate\":\"https:\/\/protegetucorazon.com\/?s={search_term_string}\"},\"query-input\":\"required name=search_term_string\"}],\"inLanguage\":\"en-US\"},{\"@type\":\"Organization\",\"@id\":\"https:\/\/protegetucorazon.com\/#organization\",\"name\":\"Protege tu corazon\",\"url\":\"https:\/\/protegetucorazon.com\/\",\"logo\":{\"@type\":\"ImageObject\",\"inLanguage\":\"en-US\",\"@id\":\"https:\/\/protegetucorazon.com\/#\/schema\/logo\/image\/\",\"url\":\"https:\/\/protegetucorazon.com\/wp-content\/uploads\/2020\/06\/protege-tu-corazon-color.png\",\"contentUrl\":\"https:\/\/protegetucorazon.com\/wp-content\/uploads\/2020\/06\/protege-tu-corazon-color.png\",\"width\":256,\"height\":90,\"caption\":\"Protege tu corazon\"},\"image\":{\"@id\":\"https:\/\/protegetucorazon.com\/#\/schema\/logo\/image\/\"}}]}<\/script>\n<!-- \/ Yoast SEO plugin. -->","yoast_head_json":{"title":"Identidad personal - Protege tu corazon","robots":{"index":"index","follow":"follow","max-snippet":"max-snippet:-1","max-image-preview":"max-image-preview:large","max-video-preview":"max-video-preview:-1"},"canonical":"https:\/\/protegetucorazon.com\/en\/product\/identidad-personal\/","og_locale":"en_US","og_type":"article","og_title":"Identidad personal - Protege tu corazon","og_url":"https:\/\/protegetucorazon.com\/en\/product\/identidad-personal\/","og_site_name":"Protege tu corazon","article_modified_time":"2023-03-23T16:49:06+00:00","og_image":[{"width":300,"height":300,"url":"https:\/\/protegetucorazon.com\/wp-content\/uploads\/2020\/12\/identidad-personal.jpg","type":"image\/jpeg"}],"twitter_card":"summary_large_image","schema":{"@context":"https:\/\/schema.org","@graph":[{"@type":"WebPage","@id":"https:\/\/protegetucorazon.com\/producto\/identidad-personal\/","url":"https:\/\/protegetucorazon.com\/producto\/identidad-personal\/","name":"Identidad personal - Protege tu corazon","isPartOf":{"@id":"https:\/\/protegetucorazon.com\/#website"},"primaryImageOfPage":{"@id":"https:\/\/protegetucorazon.com\/producto\/identidad-personal\/#primaryimage"},"image":{"@id":"https:\/\/protegetucorazon.com\/producto\/identidad-personal\/#primaryimage"},"thumbnailUrl":"https:\/\/protegetucorazon.com\/wp-content\/uploads\/2020\/12\/identidad-personal.jpg","datePublished":"2021-02-03T17:11:34+00:00","dateModified":"2023-03-23T16:49:06+00:00","breadcrumb":{"@id":"https:\/\/protegetucorazon.com\/producto\/identidad-personal\/#breadcrumb"},"inLanguage":"en-US","potentialAction":[{"@type":"ReadAction","target":["https:\/\/protegetucorazon.com\/producto\/identidad-personal\/"]}]},{"@type":"ImageObject","inLanguage":"en-US","@id":"https:\/\/protegetucorazon.com\/producto\/identidad-personal\/#primaryimage","url":"https:\/\/protegetucorazon.com\/wp-content\/uploads\/2020\/12\/identidad-personal.jpg","contentUrl":"https:\/\/protegetucorazon.com\/wp-content\/uploads\/2020\/12\/identidad-personal.jpg","width":300,"height":300,"caption":"Identidad Personal"},{"@type":"BreadcrumbList","@id":"https:\/\/protegetucorazon.com\/producto\/identidad-personal\/#breadcrumb","itemListElement":[{"@type":"ListItem","position":1,"name":"Portada","item":"https:\/\/protegetucorazon.com\/"},{"@type":"ListItem","position":2,"name":"Tienda","item":"https:\/\/protegetucorazon.com\/tienda\/"},{"@type":"ListItem","position":3,"name":"Identidad personal"}]},{"@type":"WebSite","@id":"https:\/\/protegetucorazon.com\/#website","url":"https:\/\/protegetucorazon.com\/","name":"Protege tu corazon","description":"Programa de educaci\u00f3n de la sexualidad basado en la formaci\u00f3n del car\u00e1cter","publisher":{"@id":"https:\/\/protegetucorazon.com\/#organization"},"potentialAction":[{"@type":"SearchAction","target":{"@type":"EntryPoint","urlTemplate":"https:\/\/protegetucorazon.com\/?s={search_term_string}"},"query-input":"required name=search_term_string"}],"inLanguage":"en-US"},{"@type":"Organization","@id":"https:\/\/protegetucorazon.com\/#organization","name":"Protege tu corazon","url":"https:\/\/protegetucorazon.com\/","logo":{"@type":"ImageObject","inLanguage":"en-US","@id":"https:\/\/protegetucorazon.com\/#\/schema\/logo\/image\/","url":"https:\/\/protegetucorazon.com\/wp-content\/uploads\/2020\/06\/protege-tu-corazon-color.png","contentUrl":"https:\/\/protegetucorazon.com\/wp-content\/uploads\/2020\/06\/protege-tu-corazon-color.png","width":256,"height":90,"caption":"Protege tu corazon"},"image":{"@id":"https:\/\/protegetucorazon.com\/#\/schema\/logo\/image\/"}}]}},"_links":{"self":[{"href":"https:\/\/protegetucorazon.com\/en\/wp-json\/wp\/v2\/product\/9404"}],"collection":[{"href":"https:\/\/protegetucorazon.com\/en\/wp-json\/wp\/v2\/product"}],"about":[{"href":"https:\/\/protegetucorazon.com\/en\/wp-json\/wp\/v2\/types\/product"}],"wp:featuredmedia":[{"embeddable":true,"href":"https:\/\/protegetucorazon.com\/en\/wp-json\/wp\/v2\/media\/8835"}],"wp:attachment":[{"href":"https:\/\/protegetucorazon.com\/en\/wp-json\/wp\/v2\/media?parent=9404"}],"wp:term":[{"taxonomy":"product_cat","embeddable":true,"href":"https:\/\/protegetucorazon.com\/en\/wp-json\/wp\/v2\/product_cat?post=9404"},{"taxonomy":"product_tag","embeddable":true,"href":"https:\/\/protegetucorazon.com\/en\/wp-json\/wp\/v2\/product_tag?post=9404"}],"curies":[{"name":"wp","href":"https:\/\/api.w.org\/{rel}","templated":true}]}}